{"id":274,"date":"2025-10-10T14:00:00","date_gmt":"2025-10-10T12:00:00","guid":{"rendered":"http:\/\/www.atypique-brest.fr\/tmp\/?page_id=274"},"modified":"2025-11-10T15:29:44","modified_gmt":"2025-11-10T14:29:44","slug":"notre-metier","status":"publish","type":"page","link":"https:\/\/www.atypique-brest.fr\/tmp\/notre-metier\/","title":{"rendered":"Notre M\u00e9tier"},"content":{"rendered":"<h4><span style=\"background-color: #ffff00;\">L<span style=\"color: #000000;\">\u2019architecte d\u2019int\u00e9rieur construit\u2026<\/span><\/span><\/h4>\n<p><span style=\"color: #000000;\"><b>\u00c0 la diff\u00e9rence d\u2019un d\u00e9corateur, il intervient aussi sur la distribution de l\u2019espace b\u00e2ti, les ouvertures, l\u2019agencement g\u00e9n\u00e9ral des circulations, les extensions, les fa\u00e7ades.<\/b> Ses comp\u00e9tences lui permettent d\u2019intervenir sur la structure, le clos, le couvert. Il est n\u00e9cessairement assur\u00e9 en cons\u00e9quence, en particulier pour couvrir sa responsabilit\u00e9 civile d\u00e9cennale.<\/span><\/p>\n<h4><span style=\"color: #000000;\">\u00c0 partir de l\u2019int\u00e9rieur\u2026<\/span><\/h4>\n<p><span style=\"color: #000000;\">\u00c0 la diff\u00e9rence des architectes dipl\u00f4m\u00e9s d\u2019\u00e9tat pour lesquels le b\u00e2timent est le plus souvent un contenu du tissu urbain ou du paysage, per\u00e7u avant tout de l\u2019ext\u00e9rieur, <b>pour l\u2019architecte d\u2019int\u00e9rieur, le b\u00e2ti est une enveloppe contenante<\/b>, per\u00e7ue de l\u2019int\u00e9rieur pour les besoins de celui qui vit l\u00e0, y travaille ou est de passage.<\/span><\/p>\n<h4><span style=\"color: #000000;\">Un cadre de vie, de travail, d\u2019accueil.<\/span><\/h4>\n<p><span style=\"color: #000000;\">Puisque nous mettons en sc\u00e8ne l\u2019environnement imm\u00e9diat de la personne, <b>tous les int\u00e9rieurs sont notre champ d\u2019action privil\u00e9gi\u00e9<\/b>, non seulement quant \u00e0 leur disposition architecturale mais tout autant quant \u00e0 leur am\u00e9nagement, \u00e9quipement, ambiance, \u00e9clairage, couleur, textures. Sur la base d\u2019une ergonomie pens\u00e9e pour rendre le geste fluide, nous nous adressons \u00e0 tous les sens perceptifs, avec tous les moyens techniques qui ne cessent de se d\u00e9ployer.<\/span><\/p>\n<h4><span style=\"color: #000000; background-color: #ffff00;\">Le r\u00f4le de l&rsquo;architecte d&rsquo;int\u00e9rieur.<\/span><\/h4>\n<p><span style=\"color: #000000;\">Dans une mission compl\u00e8te, l&rsquo;Architecte d&rsquo;Int\u00e9rieur (ma\u00eetre d&rsquo;\u0153uvre) doit :<\/span><br \/><span style=\"color: #000000;\">&#8211; concevoir l&rsquo;\u0153uvre.<\/span><br \/><span style=\"color: #000000;\">&#8211; assister son client (ma\u00eetre d&rsquo;ouvrage) pour engager les march\u00e9s d&rsquo;entreprises.<\/span><br \/><span style=\"color: #000000;\">&#8211; assurer la direction g\u00e9n\u00e9rale de l&rsquo;ex\u00e9cution des travaux.<\/span><br \/><span style=\"color: #000000;\">&#8211; assister son client pour r\u00e9ceptionner et r\u00e9gler les ouvrages.<\/span><\/p>\n<p><a href=\"https:\/\/www.atypique-brest.fr\/tmp\/wp-content\/uploads\/2025\/10\/LOGO-ATYPIQUE.jpg\"><span style=\"background-color: #ffffff;\"><img loading=\"lazy\" decoding=\"async\" class=\"alignnone wp-image-4143 \" src=\"https:\/\/www.atypique-brest.fr\/tmp\/wp-content\/uploads\/2025\/10\/LOGO-ATYPIQUE.jpg\" alt=\"\" width=\"209\" height=\"80\" srcset=\"https:\/\/www.atypique-brest.fr\/tmp\/wp-content\/uploads\/2025\/10\/LOGO-ATYPIQUE.jpg 989w, https:\/\/www.atypique-brest.fr\/tmp\/wp-content\/uploads\/2025\/10\/LOGO-ATYPIQUE-300x115.jpg 300w, https:\/\/www.atypique-brest.fr\/tmp\/wp-content\/uploads\/2025\/10\/LOGO-ATYPIQUE-768x294.jpg 768w, https:\/\/www.atypique-brest.fr\/tmp\/wp-content\/uploads\/2025\/10\/LOGO-ATYPIQUE-400x153.jpg 400w\" sizes=\"auto, (max-width: 209px) 100vw, 209px\" \/><\/span><\/a><\/p>\n\n\n\n","protected":false},"excerpt":{"rendered":"<p>L\u2019architecte d\u2019int\u00e9rieur construit\u2026 \u00c0 la diff\u00e9rence d\u2019un d\u00e9corateur, il intervient aussi sur la distribution de l\u2019espace b\u00e2ti, les ouvertures, l\u2019agencement g\u00e9n\u00e9ral des circulations, les extensions, les fa\u00e7ades. Ses comp\u00e9tences lui permettent d\u2019intervenir sur la structure, le clos, le couvert. Il est n\u00e9cessairement assur\u00e9 en cons\u00e9quence, en particulier pour couvrir sa responsabilit\u00e9 civile d\u00e9cennale. \u00c0 partir [&hellip;]<\/p>\n","protected":false},"author":1,"featured_media":0,"parent":0,"menu_order":0,"comment_status":"closed","ping_status":"closed","template":"","meta":{"footnotes":""},"class_list":["post-274","page","type-page","status-publish","hentry"],"_links":{"self":[{"href":"https:\/\/www.atypique-brest.fr\/tmp\/wp-json\/wp\/v2\/pages\/274","targetHints":{"allow":["GET"]}}],"collection":[{"href":"https:\/\/www.atypique-brest.fr\/tmp\/wp-json\/wp\/v2\/pages"}],"about":[{"href":"https:\/\/www.atypique-brest.fr\/tmp\/wp-json\/wp\/v2\/types\/page"}],"author":[{"embeddable":true,"href":"https:\/\/www.atypique-brest.fr\/tmp\/wp-json\/wp\/v2\/users\/1"}],"replies":[{"embeddable":true,"href":"https:\/\/www.atypique-brest.fr\/tmp\/wp-json\/wp\/v2\/comments?post=274"}],"version-history":[{"count":19,"href":"https:\/\/www.atypique-brest.fr\/tmp\/wp-json\/wp\/v2\/pages\/274\/revisions"}],"predecessor-version":[{"id":4215,"href":"https:\/\/www.atypique-brest.fr\/tmp\/wp-json\/wp\/v2\/pages\/274\/revisions\/4215"}],"wp:attachment":[{"href":"https:\/\/www.atypique-brest.fr\/tmp\/wp-json\/wp\/v2\/media?parent=274"}],"curies":[{"name":"wp","href":"https:\/\/api.w.org\/{rel}","templated":true}]}}