{"id":276,"date":"2025-10-10T14:00:00","date_gmt":"2025-10-10T12:00:00","guid":{"rendered":"http:\/\/www.atypique-brest.fr\/tmp\/?page_id=276"},"modified":"2025-11-10T14:56:20","modified_gmt":"2025-11-10T13:56:20","slug":"references-agence-cv","status":"publish","type":"page","link":"https:\/\/www.atypique-brest.fr\/tmp\/references-agence-cv\/","title":{"rendered":"L&rsquo;agence"},"content":{"rendered":"<h5><strong><span style=\"background-color: #ffff00; color: #000000;\">Fond\u00e9e en 2005, notre agence b\u00e9n\u00e9ficie de 20 ans d\u2019exp\u00e9rience.<\/span><\/strong><\/h5>\n<h5><strong><span style=\"background-color: #ffff00;\">Notre \u00e9quipe<\/span><\/strong><\/h5>\n<p><a href=\"https:\/\/www.atypique-brest.fr\/tmp\/wp-content\/uploads\/2025\/10\/Facetune_23-10-2025-13-44-20.jpg\"><img loading=\"lazy\" decoding=\"async\" class=\"alignnone wp-image-4134 \" src=\"https:\/\/www.atypique-brest.fr\/tmp\/wp-content\/uploads\/2025\/10\/Facetune_23-10-2025-13-44-20.jpg\" alt=\"\" width=\"158\" height=\"158\" srcset=\"https:\/\/www.atypique-brest.fr\/tmp\/wp-content\/uploads\/2025\/10\/Facetune_23-10-2025-13-44-20.jpg 920w, https:\/\/www.atypique-brest.fr\/tmp\/wp-content\/uploads\/2025\/10\/Facetune_23-10-2025-13-44-20-300x300.jpg 300w, https:\/\/www.atypique-brest.fr\/tmp\/wp-content\/uploads\/2025\/10\/Facetune_23-10-2025-13-44-20-150x150.jpg 150w, https:\/\/www.atypique-brest.fr\/tmp\/wp-content\/uploads\/2025\/10\/Facetune_23-10-2025-13-44-20-768x768.jpg 768w, https:\/\/www.atypique-brest.fr\/tmp\/wp-content\/uploads\/2025\/10\/Facetune_23-10-2025-13-44-20-400x400.jpg 400w\" sizes=\"auto, (max-width: 158px) 100vw, 158px\" \/><\/a><\/p>\n<p><span style=\"color: #000000;\"><strong>Marie-No\u00eblle Blanjot,<\/strong><\/span><\/p>\n<p><span style=\"color: #000000;\">Dipl\u00f4m\u00e9e en <strong>Architecture d\u2019int\u00e9rieur et Design d\u2019environnement<\/strong>, Marie-No\u00eblle exerce en ind\u00e9pendante depuis <strong>30 ans<\/strong>.<\/span><\/p>\n<p><span style=\"color: #000000;\">Qualifi\u00e9e <a style=\"color: #000000;\" href=\"http:\/\/www.unaid.fr\">UNAID<\/a> N\u00b02903 (Union Nationale des Architectes d&rsquo;Int\u00e9rieur &amp; Designers).\u00a0Certifi\u00e9e <a style=\"color: #000000;\" href=\"https:\/\/www.cfai.fr\/fr\">CFAI<\/a> N\u00b01534 (Conseil Fran\u00e7ais des Architectes d&rsquo;Int\u00e9rieur).\u00a0, elle incarne l\u2019exigence et l\u2019engagement professionnel. <\/span><\/p>\n<p><span style=\"color: #000000;\">Son approche conjugue <strong>rigueur architecturale, pr\u00e9cision technique et sens esth\u00e9tique<\/strong>, pour cr\u00e9er des espaces uniques et adapt\u00e9s aux besoins de chaque client.<\/span><\/p>\n<p><span style=\"color: #000000;\">Depuis <strong>janvier 2023<\/strong>, elle est \u00e9galement <strong>Pr\u00e9sidente Nationale de l\u2019UNAID<\/strong>, r\u00f4le qui t\u00e9moigne de son implication dans la profession et de sa reconnaissance par ses pairs.<\/span><\/p>\n<p><span style=\"color: #000000;\"><strong>Ugo Colangelo,\u00a0<\/strong>Charg\u00e9 de coordination, suivi des travaux, il assure le suivi de chantier, coordonne les intervenants, r\u00e9dige les descriptifs techniques et les pi\u00e8ces administratives, veille au respect des d\u00e9lais, du budget et de la qualit\u00e9.<\/span><\/p>\n<p><a href=\"https:\/\/www.atypique-brest.fr\/tmp\/wp-content\/uploads\/2025\/10\/IMG_3521_Original-scaled.jpg\"><img loading=\"lazy\" decoding=\"async\" class=\"alignnone wp-image-4138\" src=\"https:\/\/www.atypique-brest.fr\/tmp\/wp-content\/uploads\/2025\/10\/IMG_3521_Original-scaled.jpg\" alt=\"\" width=\"170\" height=\"227\" \/>\u00a0\u00a0<\/a><\/p>\n<h5><strong><span style=\"background-color: #ffff00; color: #000000;\">Pourquoi choisir atypique ?<\/span><\/strong><\/h5>\n<h5><span style=\"color: #000000;\"><strong>De l&rsquo;id\u00e9e \u00e0 l&rsquo;espace v\u00e9cu, une vision architecturale au service de votre projet.<\/strong><\/span><\/h5>\n<p><span style=\"color: #000000;\">Imaginer, structurer, transformer : Notre m\u00e9tier ne se limite pas \u00e0 embellir, il consiste <strong>\u00e0 penser l&rsquo;espace dans sa globalit\u00e9. <\/strong>Nous intervenons d\u00e8s les premi\u00e8res esquisses, en concevant des lieux coh\u00e9rents, fonctionnels et durables ou chaque volume, chaque circulation, chaque lumi\u00e8re a du sens.<\/span><\/p>\n<p><span style=\"color: #000000;\">Notre accompagnement est complet :<\/span><\/p>\n<ul>\n<li><span style=\"color: #000000;\"><strong>Conception architecturale\u00a0<\/strong>sur mesure<\/span><\/li>\n<li><span style=\"color: #000000;\"><strong>Suivi rigoureux des travaux<\/strong><\/span><\/li>\n<li><span style=\"color: #000000;\"><strong>Respect des d\u00e9lais et du budget<\/strong><\/span><\/li>\n<li><span style=\"color: #000000;\"><strong>Dialogues constant avec les artisans et les bureaux d&rsquo;\u00e9tudes<\/strong><\/span><\/li>\n<\/ul>\n<p><span style=\"color: #000000;\">Que ce soit pour r\u00e9nover une maison, repenser un appartement, r\u00e9fl\u00e9chir \u00e0 un projet d&rsquo;extension, am\u00e9nager des bureaux, un restaurant ou une cr\u00e8che, nous abordons chaque projet comme une <strong>composition spatiale<\/strong> : Structure, usage, technique et esth\u00e9tique se r\u00e9pondent pour cr\u00e9er un lieu juste, vivant et profond\u00e9ment adapt\u00e9 \u00e0 ceux qui l&rsquo;habitent.<\/span><\/p>\n<p><span style=\"color: #000000;\">Habitu\u00e9e aux collaborations \u00e0 distance, notre agence d\u00e9veloppe une relation de confiance durable avec nos clients, en assurant un suivi attentif et personnalis\u00e9, qu\u2019ils soient proches ou \u00e9loign\u00e9s g\u00e9ographiquement.<\/span><\/p>\n<p><a href=\"https:\/\/www.atypique-brest.fr\/tmp\/wp-content\/uploads\/2025\/10\/Pave-photos-3.jpg\"><img loading=\"lazy\" decoding=\"async\" class=\"wp-image-4140 size-full aligncenter\" src=\"https:\/\/www.atypique-brest.fr\/tmp\/wp-content\/uploads\/2025\/10\/Pave-photos-3.jpg\" alt=\"\" width=\"1308\" height=\"418\" srcset=\"https:\/\/www.atypique-brest.fr\/tmp\/wp-content\/uploads\/2025\/10\/Pave-photos-3.jpg 1308w, https:\/\/www.atypique-brest.fr\/tmp\/wp-content\/uploads\/2025\/10\/Pave-photos-3-300x96.jpg 300w, https:\/\/www.atypique-brest.fr\/tmp\/wp-content\/uploads\/2025\/10\/Pave-photos-3-1024x327.jpg 1024w, https:\/\/www.atypique-brest.fr\/tmp\/wp-content\/uploads\/2025\/10\/Pave-photos-3-768x245.jpg 768w, https:\/\/www.atypique-brest.fr\/tmp\/wp-content\/uploads\/2025\/10\/Pave-photos-3-1200x383.jpg 1200w, https:\/\/www.atypique-brest.fr\/tmp\/wp-content\/uploads\/2025\/10\/Pave-photos-3-400x128.jpg 400w\" sizes=\"auto, (max-width: 1308px) 100vw, 1308px\" \/><\/a><\/p>\n<p><a href=\"https:\/\/www.atypique-brest.fr\/tmp\/wp-content\/uploads\/2025\/10\/LOGO-ATYPIQUE.jpg\"><span style=\"color: #ffffff;\"><img loading=\"lazy\" decoding=\"async\" class=\"wp-image-4143  aligncenter\" src=\"https:\/\/www.atypique-brest.fr\/tmp\/wp-content\/uploads\/2025\/10\/LOGO-ATYPIQUE.jpg\" alt=\"\" width=\"180\" height=\"69\" srcset=\"https:\/\/www.atypique-brest.fr\/tmp\/wp-content\/uploads\/2025\/10\/LOGO-ATYPIQUE.jpg 989w, https:\/\/www.atypique-brest.fr\/tmp\/wp-content\/uploads\/2025\/10\/LOGO-ATYPIQUE-300x115.jpg 300w, https:\/\/www.atypique-brest.fr\/tmp\/wp-content\/uploads\/2025\/10\/LOGO-ATYPIQUE-768x294.jpg 768w, https:\/\/www.atypique-brest.fr\/tmp\/wp-content\/uploads\/2025\/10\/LOGO-ATYPIQUE-400x153.jpg 400w\" sizes=\"auto, (max-width: 180px) 100vw, 180px\" \/><\/span><\/a><span style=\"background-color: #ff6600;\"><a href=\"https:\/\/www.atypique-brest.fr\/tmp\/wp-content\/uploads\/2025\/10\/Pave-photos-1.jpg\"><img loading=\"lazy\" decoding=\"async\" class=\"wp-image-4137 size-full aligncenter\" src=\"https:\/\/www.atypique-brest.fr\/tmp\/wp-content\/uploads\/2025\/10\/Pave-photos-1.jpg\" alt=\"\" width=\"812\" height=\"756\" srcset=\"https:\/\/www.atypique-brest.fr\/tmp\/wp-content\/uploads\/2025\/10\/Pave-photos-1.jpg 812w, https:\/\/www.atypique-brest.fr\/tmp\/wp-content\/uploads\/2025\/10\/Pave-photos-1-300x279.jpg 300w, https:\/\/www.atypique-brest.fr\/tmp\/wp-content\/uploads\/2025\/10\/Pave-photos-1-768x715.jpg 768w, https:\/\/www.atypique-brest.fr\/tmp\/wp-content\/uploads\/2025\/10\/Pave-photos-1-400x372.jpg 400w\" sizes=\"auto, (max-width: 812px) 100vw, 812px\" \/><\/a><\/span><\/p>\n","protected":false},"excerpt":{"rendered":"<p>Fond\u00e9e en 2005, notre agence b\u00e9n\u00e9ficie de 20 ans d\u2019exp\u00e9rience. Notre \u00e9quipe Marie-No\u00eblle Blanjot, Dipl\u00f4m\u00e9e en Architecture d\u2019int\u00e9rieur et Design d\u2019environnement, Marie-No\u00eblle exerce en ind\u00e9pendante depuis 30 ans. Qualifi\u00e9e UNAID N\u00b02903 (Union Nationale des Architectes d&rsquo;Int\u00e9rieur &amp; Designers).\u00a0Certifi\u00e9e CFAI N\u00b01534 (Conseil Fran\u00e7ais des Architectes d&rsquo;Int\u00e9rieur).\u00a0, elle incarne l\u2019exigence et l\u2019engagement professionnel. Son approche conjugue rigueur [&hellip;]<\/p>\n","protected":false},"author":1,"featured_media":0,"parent":0,"menu_order":0,"comment_status":"closed","ping_status":"closed","template":"","meta":{"footnotes":""},"class_list":["post-276","page","type-page","status-publish","hentry"],"_links":{"self":[{"href":"https:\/\/www.atypique-brest.fr\/tmp\/wp-json\/wp\/v2\/pages\/276","targetHints":{"allow":["GET"]}}],"collection":[{"href":"https:\/\/www.atypique-brest.fr\/tmp\/wp-json\/wp\/v2\/pages"}],"about":[{"href":"https:\/\/www.atypique-brest.fr\/tmp\/wp-json\/wp\/v2\/types\/page"}],"author":[{"embeddable":true,"href":"https:\/\/www.atypique-brest.fr\/tmp\/wp-json\/wp\/v2\/users\/1"}],"replies":[{"embeddable":true,"href":"https:\/\/www.atypique-brest.fr\/tmp\/wp-json\/wp\/v2\/comments?post=276"}],"version-history":[{"count":38,"href":"https:\/\/www.atypique-brest.fr\/tmp\/wp-json\/wp\/v2\/pages\/276\/revisions"}],"predecessor-version":[{"id":4203,"href":"https:\/\/www.atypique-brest.fr\/tmp\/wp-json\/wp\/v2\/pages\/276\/revisions\/4203"}],"wp:attachment":[{"href":"https:\/\/www.atypique-brest.fr\/tmp\/wp-json\/wp\/v2\/media?parent=276"}],"curies":[{"name":"wp","href":"https:\/\/api.w.org\/{rel}","templated":true}]}}