{"id":286,"date":"2025-10-10T14:00:50","date_gmt":"2025-10-10T12:00:50","guid":{"rendered":"http:\/\/www.atypique-brest.fr\/tmp\/?page_id=286"},"modified":"2025-12-23T11:40:58","modified_gmt":"2025-12-23T10:40:58","slug":"contact","status":"publish","type":"page","link":"https:\/\/www.atypique-brest.fr\/tmp\/contact\/","title":{"rendered":"Contact"},"content":{"rendered":"\n<p><\/p>\n\n\n\n<h5><span style=\"color: #000000;\"><strong>Vous avez un projet d&rsquo;architecture d&rsquo;int\u00e9rieur ? N&rsquo;h\u00e9sitez pas \u00e0 nous contacter pour discuter de vos besoins.<\/strong><\/span><\/h5>\n<p><span style=\"background-color: #ffff00; color: #000000;\">10, rue Louis Pasteur &#8211; 29200 BREST<\/span><\/p>\n<p><span style=\"color: #000000;\"><span style=\"background-color: #ffff00;\">T\u00e9l\u00e9phone :<\/span> 02 98 46 58 06<\/span><\/p>\n<p><span style=\"color: #000000;\"><span style=\"background-color: #ffff00;\">Portable :<\/span> 06 61 96 40 50<\/span><\/p>\n<p><span style=\"background-color: #ffff00; color: #000000;\">Mail :<\/span> <span style=\"color: #339966;\"><a style=\"color: #339966;\" href=\"mailto:mail@atypique-brest.fr\">mail@atypique-brest.fr<\/a><\/span><\/p>\n<p>\u00a0<\/p>\n\n\n<div class=\"wp-block-image\">\n<figure class=\"aligncenter size-large\"><a href=\"https:\/\/www.atypique-brest.fr\/tmp\/wp-content\/uploads\/2025\/11\/Renovation-maison-de-maitre-Morgat-scaled.jpg\"><img loading=\"lazy\" decoding=\"async\" width=\"1024\" height=\"765\" src=\"https:\/\/www.atypique-brest.fr\/tmp\/wp-content\/uploads\/2025\/11\/Renovation-maison-de-maitre-Morgat-1024x765.jpg\" alt=\"\" class=\"wp-image-4206\" srcset=\"https:\/\/www.atypique-brest.fr\/tmp\/wp-content\/uploads\/2025\/11\/Renovation-maison-de-maitre-Morgat-1024x765.jpg 1024w, https:\/\/www.atypique-brest.fr\/tmp\/wp-content\/uploads\/2025\/11\/Renovation-maison-de-maitre-Morgat-300x224.jpg 300w, https:\/\/www.atypique-brest.fr\/tmp\/wp-content\/uploads\/2025\/11\/Renovation-maison-de-maitre-Morgat-768x574.jpg 768w, https:\/\/www.atypique-brest.fr\/tmp\/wp-content\/uploads\/2025\/11\/Renovation-maison-de-maitre-Morgat-1536x1148.jpg 1536w, https:\/\/www.atypique-brest.fr\/tmp\/wp-content\/uploads\/2025\/11\/Renovation-maison-de-maitre-Morgat-2048x1530.jpg 2048w, https:\/\/www.atypique-brest.fr\/tmp\/wp-content\/uploads\/2025\/11\/Renovation-maison-de-maitre-Morgat-1200x897.jpg 1200w, https:\/\/www.atypique-brest.fr\/tmp\/wp-content\/uploads\/2025\/11\/Renovation-maison-de-maitre-Morgat-400x299.jpg 400w\" sizes=\"auto, (max-width: 1024px) 100vw, 1024px\" \/><\/a><\/figure>\n<\/div>\n\n\n\n","protected":false},"excerpt":{"rendered":"<p>Vous avez un projet d&rsquo;architecture d&rsquo;int\u00e9rieur ? N&rsquo;h\u00e9sitez pas \u00e0 nous contacter pour discuter de vos besoins. 10, rue Louis Pasteur &#8211; 29200 BREST T\u00e9l\u00e9phone : 02 98 46 58 06 Portable : 06 61 96 40 50 Mail : mail@atypique-brest.fr \u00a0<\/p>\n","protected":false},"author":1,"featured_media":0,"parent":0,"menu_order":0,"comment_status":"closed","ping_status":"closed","template":"","meta":{"footnotes":""},"class_list":["post-286","page","type-page","status-publish","hentry"],"_links":{"self":[{"href":"https:\/\/www.atypique-brest.fr\/tmp\/wp-json\/wp\/v2\/pages\/286","targetHints":{"allow":["GET"]}}],"collection":[{"href":"https:\/\/www.atypique-brest.fr\/tmp\/wp-json\/wp\/v2\/pages"}],"about":[{"href":"https:\/\/www.atypique-brest.fr\/tmp\/wp-json\/wp\/v2\/types\/page"}],"author":[{"embeddable":true,"href":"https:\/\/www.atypique-brest.fr\/tmp\/wp-json\/wp\/v2\/users\/1"}],"replies":[{"embeddable":true,"href":"https:\/\/www.atypique-brest.fr\/tmp\/wp-json\/wp\/v2\/comments?post=286"}],"version-history":[{"count":29,"href":"https:\/\/www.atypique-brest.fr\/tmp\/wp-json\/wp\/v2\/pages\/286\/revisions"}],"predecessor-version":[{"id":4227,"href":"https:\/\/www.atypique-brest.fr\/tmp\/wp-json\/wp\/v2\/pages\/286\/revisions\/4227"}],"wp:attachment":[{"href":"https:\/\/www.atypique-brest.fr\/tmp\/wp-json\/wp\/v2\/media?parent=286"}],"curies":[{"name":"wp","href":"https:\/\/api.w.org\/{rel}","templated":true}]}}