{"id":397,"date":"2025-10-10T14:00:00","date_gmt":"2025-10-10T12:00:00","guid":{"rendered":"http:\/\/www.atypique-brest.fr\/tmp\/?page_id=397"},"modified":"2025-10-26T19:11:21","modified_gmt":"2025-10-26T18:11:21","slug":"nos-differentes-missions","status":"publish","type":"page","link":"https:\/\/www.atypique-brest.fr\/tmp\/nos-differentes-missions\/","title":{"rendered":"Nos diff\u00e9rentes missions"},"content":{"rendered":"<p><span style=\"color: #000000; font-size: 12pt;\"><strong><span style=\"font-family: tahoma,arial,helvetica,sans-serif; background-color: #ffff00;\">L\u2019\u00c9TUDE D\u2019UN PROJET<\/span><\/strong><\/span><\/p>\n<p><span style=\"font-family: tahoma,arial,helvetica,sans-serif; font-size: 10pt; color: #000000;\">L<span style=\"font-size: 12pt;\">es diff\u00e9rents types de missions que vous pourriez nous confier (d\u00e9tail et contenu) :<\/span><\/span><\/p>\n<p><span style=\"font-family: tahoma,arial,helvetica,sans-serif; font-size: 12pt; color: #000000;\"><strong><span style=\"background-color: #ffff00;\">&#8211; La mission d\u2019esquisse<\/span><\/strong> comprend un plan de l\u2019\u00e9tat existant, un plan de l\u2019\u00e9tat projet\u00e9, des perspectives ou des planches d\u2019inspiration du projet et un chiffrage estimatif des travaux. <\/span><br \/>\n<span style=\"font-family: tahoma,arial,helvetica,sans-serif; font-size: 12pt; color: #000000;\"> (Honoraires calcul\u00e9s au forfait apr\u00e8s le premier rendez-vous.)<\/span><\/p>\n<p><span style=\"font-family: tahoma,arial,helvetica,sans-serif; font-size: 12pt; color: #000000;\"><strong><span style=\"background-color: #ffff00;\">&#8211; La mission partielle<\/span><\/strong> comprend toute l\u2019\u00e9tude, sans le suivi des travaux.<\/span><br \/>\n<span style=\"font-family: tahoma,arial,helvetica,sans-serif; font-size: 12pt; color: #000000;\"> (Honoraires calcul\u00e9s au forfait, apr\u00e8s le premier rendez-vous.)<\/span><\/p>\n<p><span style=\"font-family: tahoma,arial,helvetica,sans-serif; font-size: 12pt; color: #000000;\"><strong><span style=\"background-color: #ffff00;\">&#8211; La mission compl\u00e8te<\/span><\/strong> comprend l\u2019\u00e9tude du projet, la demande de chiffrage aupr\u00e8s des entreprises et le suivi des travaux. <\/span><br \/>\n<span style=\"font-family: tahoma,arial,helvetica,sans-serif; font-size: 12pt; color: #000000;\"> (Honoraires calcul\u00e9s au pourcentage du montant des travaux.)<\/span><\/p>\n<p><span style=\"color: #000000; font-size: 12pt;\">\u00b0\u00b0\u00b0<\/span><\/p>\n<p><span style=\"color: #000000; font-size: 12pt;\"><strong><span style=\"font-family: tahoma,arial,helvetica,sans-serif; background-color: #ffff00;\">Les diff\u00e9rentes \u00e9tapes et d\u00e9lais d\u2019un projet en mission compl\u00e8te :<\/span><\/strong><\/span><\/p>\n<p><span style=\"font-family: tahoma,arial,helvetica,sans-serif; font-size: 12pt; color: #000000;\">Ces d\u00e9lais sont indicatifs et d\u00e9pendent de diff\u00e9rents facteurs comme l\u2019ampleur du projet, sa complexit\u00e9, la disponibilit\u00e9 du ma\u00eetre d\u2019ouvrage, ou encore la disponibilit\u00e9 des entreprises.<br \/>\n<\/span><\/p>\n<p><span style=\"font-family: tahoma,arial,helvetica,sans-serif; font-size: 12pt; background-color: #ffff00; color: #000000;\">A) L\u2019\u00e9tat des lieux<\/span><br \/>\n<span style=\"font-family: tahoma,arial,helvetica,sans-serif; font-size: 12pt; color: #000000;\"> Une visite sur place permet d\u2019appr\u00e9hender le projet.<\/span><\/p>\n<p><span style=\"font-family: tahoma,arial,helvetica,sans-serif; font-size: 12pt; background-color: #ffff00; color: #000000;\">B) La conception de votre projet<\/span><br \/>\n<span style=\"font-size: 12pt;\"> <span style=\"font-family: tahoma,arial,helvetica,sans-serif; color: #000000;\"> L\u2019esquisse. <\/span><span style=\"font-family: tahoma,arial,helvetica,sans-serif; color: #339966;\">2 \u00e0 3 semaines.<\/span> <span style=\"font-family: tahoma,arial,helvetica,sans-serif; color: #339966;\">D\u00e9lai de validation du ma\u00eetre d\u2019ouvrage : 2 semaines<\/span><\/span><br \/>\n<span style=\"font-size: 12pt;\"> <span style=\"font-family: tahoma,arial,helvetica,sans-serif; color: #000000;\"> L\u2019avant-projet.<\/span> <span style=\"font-family: tahoma,arial,helvetica,sans-serif; color: #339966;\">2 semaines.<\/span> <span style=\"font-family: tahoma,arial,helvetica,sans-serif; color: #339966;\">D\u00e9lai de validation du ma\u00eetre d\u2019ouvrage : 2 semaines<\/span><\/span><br \/>\n<span style=\"font-size: 12pt;\"> <span style=\"font-family: tahoma,arial,helvetica,sans-serif; color: #000000;\"> Le projet d\u00e9finitif. <\/span><span style=\"color: #339966;\"><span style=\"font-family: tahoma,arial,helvetica,sans-serif;\">2 semaines.<\/span> <span style=\"font-family: tahoma,arial,helvetica,sans-serif;\">D\u00e9lai de validation du ma\u00eetre d\u2019ouvrage : 2 semaines<\/span><\/span><\/span><br \/>\n<span style=\"font-size: 12pt;\"> <strong><span style=\"font-family: tahoma,arial,helvetica,sans-serif; color: #339966;\">Dur\u00e9e totale pour cette phase d\u2019\u00e9tude: 3 mois.<\/span><\/strong><\/span><\/p>\n<p><span style=\"font-family: tahoma,arial,helvetica,sans-serif; font-size: 12pt; background-color: #ffff00; color: #000000;\">C) Demande de chiffrage du projet aupr\u00e8s des entreprises<\/span><br \/>\n<span style=\"font-size: 12pt;\"> <span style=\"font-family: tahoma,arial,helvetica,sans-serif; color: #000000;\"> Le dossier complet, comprenant les plans du projet et le descriptif des travaux par lots.<\/span> <span style=\"font-family: tahoma,arial,helvetica,sans-serif; color: #339966;\">3 semaines. D\u00e9lai de validation du ma\u00eetre d\u2019ouvrage : 2 semaines.<\/span><\/span><br \/>\n<span style=\"font-size: 12pt;\"> <span style=\"font-family: tahoma,arial,helvetica,sans-serif; color: #000000;\"> La consultation des entreprises, l\u2019analyse des devis et la synth\u00e8se financi\u00e8re.<\/span> <span style=\"color: #339966;\"><span style=\"font-family: tahoma,arial,helvetica,sans-serif;\">3 semaines.<\/span> <span style=\"font-family: tahoma,arial,helvetica,sans-serif;\">D\u00e9lai de validation du ma\u00eetre d\u2019ouvrage : 2 semaines.<\/span><\/span><\/span><br \/>\n<span style=\"font-size: 12pt;\"> <strong><span style=\"font-family: tahoma,arial,helvetica,sans-serif; color: #339966;\">Dur\u00e9e totale d\u2019\u00e9tude : 2 \u00e0 3 mois.<\/span><\/strong><\/span><\/p>\n<p><span style=\"font-size: 12pt;\"><span style=\"font-family: tahoma,arial,helvetica,sans-serif; color: #000000;\">Demande du financement aupr\u00e8s de votre \u00e9tablissement bancaire.<\/span> <span style=\"font-family: tahoma,arial,helvetica,sans-serif; color: #339966;\">Dur\u00e9e d\u2019obtention : 4 \u00e0 5 semaines.<\/span><\/span><br \/>\n<span style=\"font-size: 12pt;\"> <span style=\"font-family: tahoma,arial,helvetica,sans-serif; color: #000000;\">La r\u00e9daction et signatures des march\u00e9s de travaux.<\/span> <span style=\"font-family: tahoma,arial,helvetica,sans-serif; color: #339966;\">2 semaines<\/span><\/span><br \/>\n<span style=\"font-size: 12pt;\"> <strong><span style=\"font-family: tahoma,arial,helvetica,sans-serif; color: #339966;\">Dur\u00e9e totale pour cette phase d\u2019\u00e9tude : 2 \u00e0 3 mois.<\/span><\/strong><\/span><\/p>\n<p><span style=\"font-family: tahoma,arial,helvetica,sans-serif; font-size: 12pt; color: #000000;\"><span style=\"background-color: #ffff00;\">D) Du chantier \u00e0 la remise des cl\u00e9s<\/span> <\/span><br \/>\n<span style=\"font-family: tahoma,arial,helvetica,sans-serif; font-size: 12pt; color: #000000;\"> Le suivi et la r\u00e9ception des travaux. <\/span><br \/>\n<span style=\"font-family: tahoma,arial,helvetica,sans-serif; font-size: 12pt; color: #000000;\"> Dur\u00e9e selon l\u2019ampleur du chantier. Un planning pr\u00e9visionnel est \u00e9tabli \u00e0 la consultation des entreprises.<\/span><\/p>\n<p><span style=\"color: #000000; font-size: 12pt;\">\u00b0\u00b0\u00b0<\/span><\/p>\n<p><span style=\"font-family: tahoma,arial,helvetica,sans-serif; font-size: 12pt; color: #000000;\">Pour toutes ces missions, le calcul des honoraires d\u00e9pend de plusieurs crit\u00e8res, comme <\/span><span style=\"color: #000000;\"><span style=\"font-size: 12pt;\"><span style=\"font-family: tahoma,arial,helvetica,sans-serif;\">votre budget de travaux, <\/span><span style=\"font-family: tahoma,arial,helvetica,sans-serif;\">la complexit\u00e9 du projet, <\/span><\/span><span style=\"font-family: tahoma,arial,helvetica,sans-serif; font-size: 10pt;\"><span style=\"font-size: 12pt;\">l\u2019\u00e9tendue et la difficult\u00e9 de la mission confi\u00e9e..<\/span>.<\/span><\/span><\/p>\n<p><span style=\"font-family: tahoma,arial,helvetica,sans-serif; font-size: 10pt;\"><a href=\"https:\/\/www.atypique-brest.fr\/tmp\/wp-content\/uploads\/2025\/10\/Pave-photos-2-1.jpg\"><img loading=\"lazy\" decoding=\"async\" class=\"wp-image-4164 size-full aligncenter\" src=\"https:\/\/www.atypique-brest.fr\/tmp\/wp-content\/uploads\/2025\/10\/Pave-photos-2-1.jpg\" alt=\"\" width=\"1118\" height=\"376\" srcset=\"https:\/\/www.atypique-brest.fr\/tmp\/wp-content\/uploads\/2025\/10\/Pave-photos-2-1.jpg 1118w, https:\/\/www.atypique-brest.fr\/tmp\/wp-content\/uploads\/2025\/10\/Pave-photos-2-1-300x101.jpg 300w, https:\/\/www.atypique-brest.fr\/tmp\/wp-content\/uploads\/2025\/10\/Pave-photos-2-1-1024x344.jpg 1024w, https:\/\/www.atypique-brest.fr\/tmp\/wp-content\/uploads\/2025\/10\/Pave-photos-2-1-768x258.jpg 768w, https:\/\/www.atypique-brest.fr\/tmp\/wp-content\/uploads\/2025\/10\/Pave-photos-2-1-400x135.jpg 400w\" sizes=\"auto, (max-width: 1118px) 100vw, 1118px\" \/><\/a><\/span><\/p>\n","protected":false},"excerpt":{"rendered":"<p>L\u2019\u00c9TUDE D\u2019UN PROJET Les diff\u00e9rents types de missions que vous pourriez nous confier (d\u00e9tail et contenu) : &#8211; La mission d\u2019esquisse comprend un plan de l\u2019\u00e9tat existant, un plan de l\u2019\u00e9tat projet\u00e9, des perspectives ou des planches d\u2019inspiration du projet et un chiffrage estimatif des travaux. (Honoraires calcul\u00e9s au forfait apr\u00e8s le premier rendez-vous.) &#8211; [&hellip;]<\/p>\n","protected":false},"author":1,"featured_media":0,"parent":0,"menu_order":0,"comment_status":"closed","ping_status":"closed","template":"","meta":{"footnotes":""},"class_list":["post-397","page","type-page","status-publish","hentry"],"_links":{"self":[{"href":"https:\/\/www.atypique-brest.fr\/tmp\/wp-json\/wp\/v2\/pages\/397","targetHints":{"allow":["GET"]}}],"collection":[{"href":"https:\/\/www.atypique-brest.fr\/tmp\/wp-json\/wp\/v2\/pages"}],"about":[{"href":"https:\/\/www.atypique-brest.fr\/tmp\/wp-json\/wp\/v2\/types\/page"}],"author":[{"embeddable":true,"href":"https:\/\/www.atypique-brest.fr\/tmp\/wp-json\/wp\/v2\/users\/1"}],"replies":[{"embeddable":true,"href":"https:\/\/www.atypique-brest.fr\/tmp\/wp-json\/wp\/v2\/comments?post=397"}],"version-history":[{"count":17,"href":"https:\/\/www.atypique-brest.fr\/tmp\/wp-json\/wp\/v2\/pages\/397\/revisions"}],"predecessor-version":[{"id":4166,"href":"https:\/\/www.atypique-brest.fr\/tmp\/wp-json\/wp\/v2\/pages\/397\/revisions\/4166"}],"wp:attachment":[{"href":"https:\/\/www.atypique-brest.fr\/tmp\/wp-json\/wp\/v2\/media?parent=397"}],"curies":[{"name":"wp","href":"https:\/\/api.w.org\/{rel}","templated":true}]}}